{"id":59,"date":"2012-10-11T19:25:35","date_gmt":"2012-10-11T19:25:35","guid":{"rendered":"http:\/\/lapoderosa.imer.gob.mx\/wordpress\/?page_id=59"},"modified":"2024-07-08T16:26:20","modified_gmt":"2024-07-08T16:26:20","slug":"programas","status":"publish","type":"page","link":"https:\/\/www.imer.mx\/lapoderosa\/programas\/","title":{"rendered":"Programas"},"content":{"rendered":"<div class=\"wpb-content-wrapper\"><p>[vc_row][vc_column width=&#8221;1\/3&#8243;][vc_single_image image=&#8221;3566&#8243; img_size=&#8221;600&#215;400&#8243; alignment=&#8221;center&#8221; onclick=&#8221;custom_link&#8221; img_link_target=&#8221;_blank&#8221; link=&#8221;https:\/\/www.imer.mx\/audiencias\/&#8221;][vc_column_text]<\/p>\n<p style=\"text-align: center\"><span style=\"color: #ff9900\"><a style=\"color: #ff9900\" href=\"https:\/\/www.imer.mx\/audiencias\/\" target=\"_blank\" rel=\"noopener\"><b>AUDIENCIAS IMER<\/b><\/a><\/span><\/p>\n<p>[\/vc_column_text][vc_column_text]<\/p>\n<p style=\"text-align: center\">Atenci\u00f3n de sugerencias y quejas de las audiencias sobre contenidos de las emisoras para fortalecer la radio p\u00fablica.<\/p>\n<p style=\"text-align: center\">Mi\u00e9rcoles<\/p>\n<p style=\"text-align: center\"><strong>16:00 a 16:30 horas.<\/strong><\/p>\n<p>[\/vc_column_text][\/vc_column][vc_column width=&#8221;1\/3&#8243;][vc_single_image image=&#8221;3208&#8243; img_size=&#8221;600&#215;400&#8243; alignment=&#8221;center&#8221; onclick=&#8221;custom_link&#8221; img_link_target=&#8221;_blank&#8221;][vc_column_text]<\/p>\n<p style=\"text-align: center\"><span style=\"color: #ff9900\"><b>SALUD PARA TODOS<\/b><\/span><\/p>\n<p>[\/vc_column_text][vc_column_text]<\/p>\n<p style=\"text-align: center\">Informa a la ciudadan\u00eda sobre las actividades y avances m\u00e9dicos contando con la participaci\u00f3n, en cada programa, de un m\u00e9dico local.<\/p>\n<p style=\"text-align: center\">Lunes<\/p>\n<p style=\"text-align: center\"><strong>11:00 a 12:00 horas.<\/strong><\/p>\n<p>[\/vc_column_text][\/vc_column][vc_column width=&#8221;1\/3&#8243;][vc_single_image image=&#8221;3209&#8243; img_size=&#8221;600&#215;400&#8243; add_caption=&#8221;yes&#8221; alignment=&#8221;center&#8221; onclick=&#8221;custom_link&#8221; img_link_target=&#8221;_blank&#8221;][vc_column_text]<\/p>\n<p style=\"text-align: center\"><span style=\"color: #ff9900\"><a style=\"color: #ff9900\" href=\"https:\/\/www.imer.mx\/lapoderosa\/programas\/musica-del-mundo-2\/\"><strong>CARRETE ABIERTO<\/strong><\/a><\/span><\/p>\n<p>[\/vc_column_text][vc_column_text]<\/p>\n<p style=\"text-align: center\">Carrete abierto es un programa para los artistas independientes que ya han grabado alguna canci\u00f3n de forma independiente y sin disquera. Pretende ser una plataforma para toda aquella persona que canta. As\u00ed que si tu eres cantante de cualquier g\u00e9nero musical y ya tienes grabada alguna canci\u00f3n env\u00edanosla por correo, e-mail o facebook y date a conocer al mundo.<\/p>\n<p style=\"text-align: center\">Lunes y domingo<\/p>\n<p style=\"text-align: center\"><strong>03:00 a 04:00 horas.<\/strong><\/p>\n<p>[\/vc_column_text][\/vc_column][\/vc_row][vc_row][vc_column width=&#8221;1\/3&#8243;][vc_single_image image=&#8221;3595&#8243; img_size=&#8221;600&#215;400&#8243; add_caption=&#8221;yes&#8221; alignment=&#8221;center&#8221; onclick=&#8221;custom_link&#8221; img_link_target=&#8221;_blank&#8221;][vc_column_text]<\/p>\n<p style=\"text-align: center\"><span style=\"color: #ff9900\"><b>SALSABROSURA<\/b><\/span><\/p>\n<p>[\/vc_column_text][vc_column_text]<\/p>\n<p style=\"text-align: center\">Prepara el mandil, las especias y los utensilios de cocina \u201cSalsabrosura\u201d un programa en el que aprender\u00e1s a elaborar deliciosas recetas, escuchar\u00e1s informaci\u00f3n nutricional y la mejor m\u00fasica del g\u00e9nero Salsa.<\/p>\n<p style=\"text-align: center\">Martes y jueves<\/p>\n<p style=\"text-align: center\"><strong>13:00 a 14:00 horas.<\/strong><\/p>\n<p>[\/vc_column_text][\/vc_column][vc_column width=&#8221;1\/3&#8243;][vc_single_image image=&#8221;3211&#8243; img_size=&#8221;600&#215;400&#8243; add_caption=&#8221;yes&#8221; alignment=&#8221;center&#8221;][vc_column_text]<\/p>\n<p style=\"text-align: center\"><span style=\"color: #ff9900\"><a style=\"color: #ff9900\" href=\"https:\/\/www.imer.mx\/lapoderosa\/programas\/desempolvadas-nortenas\/\"><b>DESEMPOLVADAS NORTE\u00d1AS<\/b><\/a><\/span><\/p>\n<p>[\/vc_column_text][vc_column_text]<\/p>\n<p style=\"text-align: center\">Espacio musical en el que escuchar\u00e1s melod\u00edas viejitas pero bonitas. Piporro, Pedro Yerena o los Monta\u00f1eses del \u00c1lamo son algunos de los exponentes musicales que te deleitar\u00e1n auditivamente.<\/p>\n<p style=\"text-align: center\">Lunes a domingo<\/p>\n<p style=\"text-align: center\"><strong>04:00 a 05:00 <\/strong><\/p>\n<p style=\"text-align: center\"><strong>17:00 a 18:00 horas<\/strong><\/p>\n<p>[\/vc_column_text][\/vc_column][vc_column width=&#8221;1\/3&#8243;][vc_single_image image=&#8221;3212&#8243; img_size=&#8221;600&#215;400&#8243; alignment=&#8221;center&#8221; onclick=&#8221;custom_link&#8221; img_link_target=&#8221;_blank&#8221;][vc_column_text]<\/p>\n<p style=\"text-align: center\"><span style=\"color: #ff9900\"><a style=\"color: #ff9900\" href=\"https:\/\/www.imer.mx\/lapoderosa\/programas\/el-baul-de-los-recuerdos\/\"><strong>EL BA\u00daL DE LOS RECUERDOS<\/strong><\/a><\/span><\/p>\n<p>[\/vc_column_text][vc_column_text]<\/p>\n<p style=\"text-align: center\">Cuando abras el ba\u00fal encontrar\u00e1s todo tipo de recuerdos musicales que te remiten a los sentimientos encontrados de las personas.<\/p>\n<p style=\"text-align: center\">Lunes a domingo<\/p>\n<p style=\"text-align: center\"><strong>01:00 a 02:00 horas.<\/strong><\/p>\n<p style=\"text-align: center\">Lunes, martes, jueves a domingo<\/p>\n<p style=\"text-align: center\"><strong>16:00 a 17:00 horas.<\/strong><\/p>\n<p style=\"text-align: center\">Mi\u00e9rcoles<\/p>\n<p style=\"text-align: center\"><strong>16:30 a 17:00 horas.<\/strong><\/p>\n<p style=\"text-align: center\">S\u00e1bados y domingos<\/p>\n<p style=\"text-align: center\"><strong>15:00 a 16:00 horas.<\/strong><\/p>\n<p>[\/vc_column_text][\/vc_column][\/vc_row][vc_row][vc_column width=&#8221;1\/3&#8243;][vc_single_image image=&#8221;3213&#8243; img_size=&#8221;600&#215;400&#8243; add_caption=&#8221;yes&#8221; alignment=&#8221;center&#8221; onclick=&#8221;custom_link&#8221; img_link_target=&#8221;_blank&#8221;][vc_column_text]<\/p>\n<p style=\"text-align: center\"><span style=\"color: #ff9900\"><a style=\"color: #ff9900\" href=\"https:\/\/www.imer.mx\/lapoderosa\/programas\/el-canto-de-mexico-2\/\"><strong>EL CANTO DE M\u00c9XICO<\/strong><\/a><\/span><\/p>\n<p>[\/vc_column_text][vc_column_text]<\/p>\n<p style=\"text-align: center\">Identif\u00edcate\u00a0con un programa lleno de m\u00fasica mexicana con interpretes reconocidos de talla internacional.<\/p>\n<p style=\"text-align: center\">Lunes a domingo<\/p>\n<p style=\"text-align: center\"><strong>05:00 a 06:00 horas.<\/strong><\/p>\n<p>[\/vc_column_text][\/vc_column][vc_column width=&#8221;1\/3&#8243;][vc_single_image image=&#8221;3214&#8243; img_size=&#8221;600&#215;400&#8243; add_caption=&#8221;yes&#8221; alignment=&#8221;center&#8221;][vc_column_text]<\/p>\n<p style=\"text-align: center\"><span style=\"color: #ff9900\"><a style=\"color: #ff9900\" href=\"https:\/\/www.imer.mx\/lapoderosa\/programas\/el-poder-de-la-musica-2\/\"><b>EL PODER DE LA M\u00daSICA<\/b><\/a><\/span><\/p>\n<p>[\/vc_column_text][vc_column_text]<\/p>\n<p style=\"text-align: center\">M\u00fasica\u00a0continua\u00a0con comentarios del locutor en turno en donde podr\u00e1s escuchar novedades musicales y\u00a0\u00e9xitos del momento.<\/p>\n<p style=\"text-align: center\">Lunes a domingo<\/p>\n<p style=\"text-align: center\"><b>02:00 a 03:00 horas<\/b><\/p>\n<p style=\"text-align: center\"><b>12:00 a 13:00 horas<\/b><\/p>\n<p style=\"text-align: center\"><b>18:00 a 19:00 horas<\/b><\/p>\n<p style=\"text-align: center\">Lunes y viernes<\/p>\n<p style=\"text-align: center\"><b>21:00 a 22:00 horas<\/b><\/p>\n<p style=\"text-align: center\">Mi\u00e9rcoles<\/p>\n<p style=\"text-align: center\"><b>21:30 a 22:00 horas<\/b><\/p>\n<p style=\"text-align: center\"><b><\/b>Lunes a viernes<b> <\/b><\/p>\n<p style=\"text-align: center\"><b>06:00 a 08:00 horas<\/b><\/p>\n<p style=\"text-align: center\">Martes y jueves<\/p>\n<p style=\"text-align: center\"><b>11:00 a 12:00 horas<\/b><\/p>\n<p style=\"text-align: center\"><b>14:00 a 15:00 horas<\/b><\/p>\n<p style=\"text-align: center\">Lunes, mi\u00e9rcoles y viernes<\/p>\n<p style=\"text-align: center\"><b>13:00 a 15:00 horas<\/b><\/p>\n<p style=\"text-align: center\">S\u00e1bados y domingos<\/p>\n<p style=\"text-align: center\"><b>06:00 a 09:00 horas<\/b><\/p>\n<p style=\"text-align: center\"><b>13:00 a 15:00 horas<\/b><\/p>\n<p style=\"text-align: center\"><b>19:00 a 20:00 horas<\/b><\/p>\n<p style=\"text-align: center\"><b>20:30 a 23:00 horas<\/b><\/p>\n<p style=\"text-align: center\">Domingos<\/p>\n<p style=\"text-align: center\"><b>10:30 a 12:00 horas<\/b><\/p>\n<p>[\/vc_column_text][\/vc_column][vc_column width=&#8221;1\/3&#8243;][vc_single_image image=&#8221;3555&#8243; img_size=&#8221;600&#215;400&#8243; alignment=&#8221;center&#8221; onclick=&#8221;custom_link&#8221; img_link_target=&#8221;_blank&#8221; link=&#8221;https:\/\/www.imer.mx\/programas\/programas-imer\/bingo\/&#8221;][vc_column_text]<\/p>\n<p style=\"text-align: center\"><span style=\"color: #ff9900\"><a style=\"color: #ff9900\" href=\"https:\/\/www.imer.mx\/programas\/programas-imer\/bingo\/\" target=\"_blank\" rel=\"noopener\"><b>BINGO<\/b><\/a><\/span><\/p>\n<p>[\/vc_column_text][vc_column_text]<\/p>\n<p style=\"text-align: center\">C\u00e1psulas<\/p>\n<p style=\"text-align: center\">Lunes a viernes<\/p>\n<p style=\"text-align: center\"><strong>14:00 a 14:05 horas.<\/strong><\/p>\n<p>[\/vc_column_text][\/vc_column][\/vc_row][vc_row][vc_column width=&#8221;1\/3&#8243;][vc_single_image image=&#8221;3565&#8243; img_size=&#8221;600&#215;400&#8243; add_caption=&#8221;yes&#8221; alignment=&#8221;center&#8221; onclick=&#8221;custom_link&#8221; img_link_target=&#8221;_blank&#8221;][vc_column_text]<\/p>\n<p style=\"text-align: center\"><span style=\"color: #ff9900\"><b>AL SERVICIO DE ACU\u00d1A<\/b><\/span><\/p>\n<p>[\/vc_column_text][vc_column_text]<\/p>\n<p style=\"text-align: center\">Programa que ser\u00e1 la voz de los acu\u00f1enses.<\/p>\n<p style=\"text-align: center\">Mi\u00e9rcoles<\/p>\n<p style=\"text-align: center\"><strong> 11:00 a 12:00 horas.<\/strong><\/p>\n<p>[\/vc_column_text][\/vc_column][vc_column width=&#8221;1\/3&#8243;][vc_single_image image=&#8221;3217&#8243; img_size=&#8221;600&#215;400&#8243; add_caption=&#8221;yes&#8221; alignment=&#8221;center&#8221;][vc_column_text]<\/p>\n<p style=\"text-align: center\"><span style=\"color: #ff9900\"><a style=\"color: #ff9900\" href=\"https:\/\/www.imer.mx\/lapoderosa\/programas\/hablemos-de\/\"><b>HABLEMOS DE&#8230;SALUD<\/b><\/a><\/span><\/p>\n<p>[\/vc_column_text][vc_column_text]<\/p>\n<p style=\"text-align: center\">Espacio nocturno en el que cada d\u00eda se habla de un tema de salud acompa\u00f1ado de especialistas en la materia, cuya finalidad es brindar orientaci\u00f3n y servicio a la ciudadan\u00eda.<\/p>\n<p style=\"text-align: center\">Jueves<\/p>\n<p style=\"text-align: center\"><strong>21:00 a 22:00 horas.<\/strong><\/p>\n<p>[\/vc_column_text][\/vc_column][vc_column width=&#8221;1\/3&#8243;][vc_single_image image=&#8221;3218&#8243; img_size=&#8221;600&#215;400&#8243; alignment=&#8221;center&#8221;][vc_column_text]<\/p>\n<p style=\"text-align: center\"><span style=\"color: #ff9900\"><a style=\"color: #ff9900\" href=\"https:\/\/www.imer.mx\/lapoderosa\/programas\/la-hora-de-las-complacencias\/\"><strong>LA HORA DE LAS COMPLACENCIAS<\/strong><\/a><\/span><\/p>\n<p>[\/vc_column_text][vc_column_text]<\/p>\n<p style=\"text-align: center\">Un entretenido programa musical en el que el locutor tratar\u00e1 de complacerte musicalmente. S\u00f3lo debes tomar el tel\u00e9fono y llamar a cabina para que te complazcan con la canci\u00f3n de tu preferencia.<\/p>\n<p style=\"text-align: center\">Lunes a domingo<\/p>\n<p style=\"text-align: center\"><strong>00:00 a 01:00 horas.<\/strong><\/p>\n<p>[\/vc_column_text][\/vc_column][\/vc_row][vc_row][vc_column width=&#8221;1\/3&#8243;][vc_single_image image=&#8221;3557&#8243; img_size=&#8221;600&#215;400&#8243; add_caption=&#8221;yes&#8221; alignment=&#8221;center&#8221; onclick=&#8221;custom_link&#8221; img_link_target=&#8221;_blank&#8221;][vc_column_text]<\/p>\n<p style=\"text-align: center\"><span style=\"color: #ff9900\"><b>PUNTO DE REFERENCIA<\/b><\/span><\/p>\n<p>[\/vc_column_text][vc_column_text]<\/p>\n<p style=\"text-align: center\">Pr\u00f3ximamente m\u00e1s informaci\u00f3n.<\/p>\n<p style=\"text-align: center\">Lunes a viernes<\/p>\n<p style=\"text-align: center\"><strong>22:00 a 23:00 horas.<\/strong><\/p>\n<p>[\/vc_column_text][\/vc_column][vc_column width=&#8221;1\/3&#8243;][vc_single_image image=&#8221;3220&#8243; img_size=&#8221;600&#215;400&#8243; add_caption=&#8221;yes&#8221; alignment=&#8221;center&#8221;][vc_column_text]<\/p>\n<p style=\"text-align: center\"><span style=\"color: #ff9900\"><a style=\"color: #ff9900\" href=\"https:\/\/www.imer.mx\/lapoderosa\/programas\/linea-abierta\/\"><strong>L\u00cdNEA ABIERTA<\/strong><\/a><\/span><\/p>\n<p>[\/vc_column_text][vc_column_text]<\/p>\n<p style=\"text-align: center\">Programa hablado en el que se abordan temas de inter\u00e9s migratorio, noticias di\u00e1logo y comentario producido por Radio Biling\u00fce desde Fresno California.<\/p>\n<p style=\"text-align: center\">Martes a s\u00e1bados<\/p>\n<p style=\"text-align: center\"><strong>03:00 a 04:00 horas.<\/strong><\/p>\n<p>[\/vc_column_text][\/vc_column][vc_column width=&#8221;1\/3&#8243;][vc_single_image image=&#8221;3569&#8243; img_size=&#8221;600&#215;400&#8243; alignment=&#8221;center&#8221;][vc_column_text]<\/p>\n<p style=\"text-align: center\"><span style=\"color: #ff9900\"><b>CULTURA SIN FRONTERAS<\/b><\/span><\/p>\n<p>[\/vc_column_text][vc_column_text]<\/p>\n<p style=\"text-align: center\">Porque la cultura es el alma de una sociedad<\/p>\n<p style=\"text-align: center\">Viernes<\/p>\n<p style=\"text-align: center\"><strong>11:00 a 12:00 horas.<\/strong><\/p>\n<p>[\/vc_column_text][\/vc_column][\/vc_row][vc_row][vc_column width=&#8221;1\/3&#8243;][vc_single_image image=&#8221;3224&#8243; img_size=&#8221;600&#215;400&#8243; add_caption=&#8221;yes&#8221; alignment=&#8221;center&#8221;][vc_column_text]<\/p>\n<p style=\"text-align: center\"><span style=\"color: #ff9900\"><a style=\"color: #ff9900\" href=\"https:\/\/noticias.imer.mx\/\"><b>IMER NOTICIAS<\/b><\/a><\/span><\/p>\n<p>[\/vc_column_text][vc_column_text]<\/p>\n<p style=\"text-align: center\">Ent\u00e9rate de las noticias m\u00e1s importantes.<\/p>\n<p style=\"text-align: center\"><strong>Primera emisi\u00f3n:<\/strong>\u00a0 8:00 a 11:00 horas.<\/p>\n<p style=\"text-align: center\"><strong>Segunda emisi\u00f3n:\u00a0<\/strong>15:00 a 16:00 horas.<\/p>\n<p style=\"text-align: center\"><strong>Tercera emisi\u00f3n:<\/strong> 19:00 a 20:00 horas.<\/p>\n<p style=\"text-align: center\"><strong>Fin de semana: <\/strong>9:00 a 10:00 horas.<\/p>\n<p>[\/vc_column_text][\/vc_column][vc_column width=&#8221;1\/3&#8243;][vc_single_image image=&#8221;3223&#8243; img_size=&#8221;600&#215;400&#8243; add_caption=&#8221;yes&#8221; alignment=&#8221;center&#8221;][vc_column_text]<\/p>\n<p style=\"text-align: center\"><span style=\"color: #ff9900\"><a style=\"color: #ff9900\" href=\"https:\/\/www.imer.mx\/lapoderosa\/programas\/solo-para-enamorados-2\/\"><b>SOLO PARA ENAMORADOS<\/b><\/a><\/span><\/p>\n<p>[\/vc_column_text][vc_column_text]<\/p>\n<p style=\"text-align: center\">En la noche y a\u00a0obscuras\u00a0es cuando los enamorados disfrutan de \u00e9ste programa, en el que la m\u00fasica\u00a0rom\u00e1ntica y la poes\u00eda\u00a0 son los protagonistas.<\/p>\n<p style=\"text-align: center\">Lunes a s\u00e1bado<\/p>\n<p style=\"text-align: center\"><strong>23:00 a 24:00 horas.<\/strong><\/p>\n<p>[\/vc_column_text][\/vc_column][vc_column width=&#8221;1\/3&#8243;][vc_single_image image=&#8221;3577&#8243; img_size=&#8221;600&#215;400&#8243; add_caption=&#8221;yes&#8221; alignment=&#8221;center&#8221; onclick=&#8221;custom_link&#8221; img_link_target=&#8221;_blank&#8221; link=&#8221;https:\/\/www.imer.mx\/programas\/programas-imer\/historiaparatodos\/&#8221;][vc_column_text]<\/p>\n<p style=\"text-align: center\"><span style=\"color: #ff9900\"><a style=\"color: #ff9900\" href=\"https:\/\/www.imer.mx\/programas\/programas-imer\/historiaparatodos\/\" target=\"_blank\" rel=\"noopener\"><b>HISTORIA PARA TODOS<\/b><\/a><\/span><\/p>\n<p>[\/vc_column_text][vc_column_text]<\/p>\n<p style=\"text-align: center\">Programa semanal dirigido por el Dr. Javier Garc\u00edadiego que desglosa de forma sencilla y amena los hechos hist\u00f3ricos de nuestro pa\u00eds.<\/p>\n<p style=\"text-align: center\">S\u00e1bados<\/p>\n<p style=\"text-align: center\"><strong>10:00 a 11:00 horas.<\/strong><\/p>\n<p>[\/vc_column_text][\/vc_column][\/vc_row][vc_row][vc_column width=&#8221;1\/3&#8243;][vc_single_image image=&#8221;3578&#8243; img_size=&#8221;600&#215;400&#8243; add_caption=&#8221;yes&#8221; alignment=&#8221;center&#8221; onclick=&#8221;custom_link&#8221; link=&#8221;https:\/\/www.imer.mx\/micrositios\/mas-curioso-que-un-gato\/&#8221;][vc_column_text]<\/p>\n<p style=\"text-align: center\"><span style=\"color: #ff9900\"><a style=\"color: #ff9900\" href=\"https:\/\/www.imer.mx\/micrositios\/mas-curioso-que-un-gato\/\" target=\"_blank\" rel=\"noopener\"><b>M\u00c1S CURIOSO QUE UN GATO<\/b><\/a><\/span><\/p>\n<p>[\/vc_column_text][vc_column_text]<\/p>\n<p style=\"text-align: center\">Si eres muy curioso y a menudo piensas \u201cMmmmm\u2026 aqu\u00ed hay gato encerrado\u201d, este espacio es para ti. M\u00e1s curioso que un gato es un programa radiof\u00f3nico alrededor de la curiosidad y la ciencia en donde podr\u00e1s plantear preguntas, encontrar respuestas o tal vez\u2026 encontrar m\u00e1s preguntas.<\/p>\n<p style=\"text-align: center\">S\u00e1bados<\/p>\n<p style=\"text-align: center\"><strong>11:00 a 11:30 horas.<\/strong><\/p>\n<p>[\/vc_column_text][\/vc_column][vc_column width=&#8221;1\/3&#8243;][vc_single_image image=&#8221;3350&#8243; img_size=&#8221;600&#215;400&#8243; add_caption=&#8221;yes&#8221; alignment=&#8221;center&#8221;][vc_column_text]<\/p>\n<p style=\"text-align: center\"><span style=\"color: #ff9900\"><b>EL CUENTO QUE VA POR TU CUENTA<\/b><\/span><\/p>\n<p>[\/vc_column_text][vc_column_text]<\/p>\n<p style=\"text-align: center\">Pr\u00f3ximamente m\u00e1s informaci\u00f3n.<\/p>\n<p style=\"text-align: center\">Domingos<\/p>\n<p style=\"text-align: center\"><strong>10:00 a 10:30 horas.<\/strong><\/p>\n<p>[\/vc_column_text][\/vc_column][vc_column width=&#8221;1\/3&#8243;][vc_single_image image=&#8221;3579&#8243; img_size=&#8221;600&#215;400&#8243; add_caption=&#8221;yes&#8221; alignment=&#8221;center&#8221; onclick=&#8221;custom_link&#8221; img_link_target=&#8221;_blank&#8221; link=&#8221;https:\/\/www.imer.mx\/programas\/lapandilla\/&#8221;][vc_column_text]<\/p>\n<p style=\"text-align: center\"><span style=\"color: #ff9900\"><a style=\"color: #ff9900\" href=\"https:\/\/www.imer.mx\/programas\/lapandilla\/\" target=\"_blank\" rel=\"noopener\"><b>LA PANDILLA<\/b><\/a><\/span><\/p>\n<p>[\/vc_column_text][vc_column_text]<\/p>\n<p style=\"text-align: center\">La Pandilla es un programa de radio en donde ni\u00f1as y ni\u00f1os de todo el pa\u00eds ejercen su derecho a opinar, proponer, as\u00ed como compartir su creatividad, imaginaci\u00f3n \u00a0e inteligencia.<\/p>\n<p style=\"text-align: center\">S\u00e1bados<\/p>\n<p style=\"text-align: center\"><strong>11:30 a 12:00 horas.<\/strong><\/p>\n<p>[\/vc_column_text][\/vc_column][\/vc_row][vc_row][vc_column width=&#8221;1\/3&#8243;][vc_single_image image=&#8221;3581&#8243; img_size=&#8221;600&#215;400&#8243; add_caption=&#8221;yes&#8221; alignment=&#8221;center&#8221; onclick=&#8221;custom_link&#8221; link=&#8221;https:\/\/noticias.imer.mx\/impacto-deportivo\/&#8221;][vc_column_text]<\/p>\n<p style=\"text-align: center\"><span style=\"color: #ff9900\"><a style=\"color: #ff9900\" href=\"https:\/\/noticias.imer.mx\/impacto-deportivo\/\" target=\"_blank\" rel=\"noopener\"><b>IMPACTO DEPORTIVO<\/b><\/a><\/span><\/p>\n<p>[\/vc_column_text][vc_column_text]<\/p>\n<div>\n<p class=\"p1\" style=\"text-align: center\">S\u00edguele la pista a todo lo acontecido en el mundo del deporte durante la semana y fin de semana.<\/p>\n<p class=\"p1\" style=\"text-align: center\">Lunes a Viernes<\/p>\n<\/div>\n<div>\n<p style=\"text-align: center\"><strong>20:00 a 21:00 hrs<\/strong><\/p>\n<p style=\"text-align: center\">S\u00e1bados y Domingos<\/p>\n<p style=\"text-align: center\"><strong>20:00 a 20:30 horas.<\/strong><\/p>\n<\/div>\n<p>[\/vc_column_text][\/vc_column][vc_column width=&#8221;1\/3&#8243;][vc_single_image image=&#8221;3562&#8243; img_size=&#8221;600&#215;400&#8243; add_caption=&#8221;yes&#8221; alignment=&#8221;center&#8221; onclick=&#8221;custom_link&#8221; img_link_target=&#8221;_blank&#8221; link=&#8221;https:\/\/www.imer.mx\/micrositios\/cruce-de-miradas-mexico-berlin\/&#8221;][vc_column_text]<\/p>\n<p style=\"text-align: center\"><span style=\"color: #ff9900\"><a style=\"color: #ff9900\" href=\"https:\/\/www.imer.mx\/micrositios\/cruce-de-miradas-mexico-berlin\/\" target=\"_blank\" rel=\"noopener\"><b>CRUCE DE MIRADAS<\/b><\/a><\/span><\/p>\n<p>\u00a0[\/vc_column_text][vc_column_text]<\/p>\n<p style=\"text-align: center\">Una producci\u00f3n al estilo de una cr\u00f3nica radiof\u00f3nica, donde una viajera narra su primera visita a Berl\u00edn acompa\u00f1ada de mexicanos que hicieron su vida en esta ciudad donde comparten sus testimonios y creatividad.<\/p>\n<p style=\"text-align: center\">Martes<\/p>\n<p style=\"text-align: center\"><strong>21:00 a 21:30 horas.<\/strong><\/p>\n<p>[\/vc_column_text][\/vc_column][vc_column width=&#8221;1\/3&#8243;][vc_single_image image=&#8221;3563&#8243; img_size=&#8221;600&#215;400&#8243; add_caption=&#8221;yes&#8221; alignment=&#8221;center&#8221; onclick=&#8221;custom_link&#8221; img_link_target=&#8221;_blank&#8221;][vc_column_text]<\/p>\n<p style=\"text-align: center\"><span style=\"color: #ff9900\"><b>EL BA\u00daL DE LAS LEYENDAS<\/b><\/span><\/p>\n<p>[\/vc_column_text][vc_column_text]<\/p>\n<p style=\"text-align: center\">Ba\u00fal de las leyendas<\/p>\n<p style=\"text-align: center\">Martes<\/p>\n<p style=\"text-align: center\"><strong>21:30 a 22:00 horas.<\/strong><\/p>\n<p>[\/vc_column_text][\/vc_column][\/vc_row][vc_row][vc_column width=&#8221;1\/3&#8243;][vc_single_image image=&#8221;3446&#8243; img_size=&#8221;600&#215;400&#8243; add_caption=&#8221;yes&#8221; alignment=&#8221;center&#8221; onclick=&#8221;custom_link&#8221; img_link_target=&#8221;_blank&#8221; link=&#8221;https:\/\/www.imer.mx\/programas\/programas-imer\/laautenticabandalibrera\/&#8221;][vc_column_text]<\/p>\n<p style=\"text-align: center\"><span style=\"color: #ff9900\"><a style=\"color: #ff9900\" href=\"https:\/\/www.imer.mx\/programas\/programas-imer\/laautenticabandalibrera\/\" target=\"_blank\" rel=\"noopener\"><b>LA AUT\u00c9NTICA BANDA LIBRERA<\/b><\/a><\/span><\/p>\n<p>[\/vc_column_text][vc_column_text]<\/p>\n<p style=\"text-align: center\">Programa ligero en el que los libros son materia estelar. Paco Taibo II, Sandra Montoya y Eduardo Lim\u00f3n traen para ti un espacio radiof\u00f3nico lleno de libros y lecturas.<\/p>\n<p style=\"text-align: center\">Mi\u00e9rcoles<\/p>\n<p style=\"text-align: center\"><strong>21:00 a 21:30 horas.<\/strong><\/p>\n<p>[\/vc_column_text][\/vc_column][\/vc_row][vc_row type=&#8221;vc_default&#8221; full_width=&#8221;stretch_row&#8221; parallax=&#8221;content-moving-fade&#8221; parallax_image=&#8221;4634&#8243; parallax_speed_bg=&#8221;2.5&#8243; css=&#8221;.vc_custom_1570728352237{margin-bottom: -50px !important;border-bottom-width: -50px !important;padding-bottom: -50px !important;}&#8221;][vc_column][vc_empty_space height=&#8221;250px&#8221;][\/vc_column][\/vc_row]<\/p>\n<\/div>","protected":false},"excerpt":{"rendered":"<p>[vc_row][vc_column width=&#8221;1\/3&#8243;][vc_single_image image=&#8221;3566&#8243; img_size=&#8221;600&#215;400&#8243; alignment=&#8221;center&#8221; onclick=&#8221;custom_link&#8221; img_link_target=&#8221;_blank&#8221; link=&#8221;https:\/\/www.imer.mx\/audiencias\/&#8221;][vc_column_text] AUDIENCIAS IMER [\/vc_column_text][vc_column_text] Atenci\u00f3n de sugerencias y quejas de las audiencias sobre contenidos de las emisoras para fortalecer la radio p\u00fablica. Mi\u00e9rcoles 16:00 a 16:30 horas. [\/vc_column_text][\/vc_column][vc_column width=&#8221;1\/3&#8243;][vc_single_image image=&#8221;3208&#8243; img_size=&#8221;600&#215;400&#8243; alignment=&#8221;center&#8221; onclick=&#8221;custom_link&#8221; img_link_target=&#8221;_blank&#8221;][vc_column_text] SALUD PARA TODOS [\/vc_column_text][vc_column_text] Informa a la ciudadan\u00eda sobre las actividades y avances m\u00e9dicos&hellip;<\/p>\n","protected":false},"author":1,"featured_media":0,"parent":0,"menu_order":0,"comment_status":"closed","ping_status":"closed","template":"","meta":{"wp_popup_display_lightbox":0,"wp_popup_suppress":"","wp_popup_trigger":"","wp_popup_trigger_amount":0,"wp_popup_disable_on_mobile":false,"footnotes":""},"class_list":["post-59","page","type-page","status-publish","hentry","description-off"],"_links":{"self":[{"href":"https:\/\/www.imer.mx\/lapoderosa\/wp-json\/wp\/v2\/pages\/59","targetHints":{"allow":["GET"]}}],"collection":[{"href":"https:\/\/www.imer.mx\/lapoderosa\/wp-json\/wp\/v2\/pages"}],"about":[{"href":"https:\/\/www.imer.mx\/lapoderosa\/wp-json\/wp\/v2\/types\/page"}],"author":[{"embeddable":true,"href":"https:\/\/www.imer.mx\/lapoderosa\/wp-json\/wp\/v2\/users\/1"}],"replies":[{"embeddable":true,"href":"https:\/\/www.imer.mx\/lapoderosa\/wp-json\/wp\/v2\/comments?post=59"}],"version-history":[{"count":2,"href":"https:\/\/www.imer.mx\/lapoderosa\/wp-json\/wp\/v2\/pages\/59\/revisions"}],"predecessor-version":[{"id":3597,"href":"https:\/\/www.imer.mx\/lapoderosa\/wp-json\/wp\/v2\/pages\/59\/revisions\/3597"}],"wp:attachment":[{"href":"https:\/\/www.imer.mx\/lapoderosa\/wp-json\/wp\/v2\/media?parent=59"}],"curies":[{"name":"wp","href":"https:\/\/api.w.org\/{rel}","templated":true}]}}