{"id":5207,"date":"2013-02-20T00:35:00","date_gmt":"2013-02-20T06:35:00","guid":{"rendered":"http:\/\/horizonte.imer.gob.mx\/?page_id=5207"},"modified":"2019-07-04T10:43:19","modified_gmt":"2019-07-04T15:43:19","slug":"efecto-mariposa","status":"publish","type":"page","link":"https:\/\/www.imer.mx\/horizonte\/series\/efecto-mariposa\/","title":{"rendered":"Efecto Mariposa"},"content":{"rendered":"<div class=\"wpb-content-wrapper\"><p>[vc_row][vc_column]<div id=\"ultimate-heading-245869fc47481fe3b\" class=\"uvc-heading ult-adjust-bottom-margin ultimate-heading-245869fc47481fe3b uvc-6068  uvc-heading-default-font-sizes\" data-hspacer=\"line_only\"  data-halign=\"left\" style=\"text-align:left\"><div class=\"uvc-main-heading ult-responsive\"  data-ultimate-target='.uvc-heading.ultimate-heading-245869fc47481fe3b h3'  data-responsive-json-new='{\"font-size\":\"\",\"line-height\":\"\"}' ><h3 style=\"--font-weight:theme;margin-bottom:8px;\">Efecto mariposa<\/h3><\/div><div class=\"uvc-heading-spacer line_only\" style=\"margin-bottom:24px;height:1px;\"><span class=\"uvc-headings-line\" style=\"border-style:solid;border-bottom-width:1px;border-color:#00bcd4;width:autopx;\"><\/span><\/div><\/div>[\/vc_column][vc_column width=&#8221;2\/3&#8243;][vc_column_text]Como si de una reuni\u00f3n entre amigos se tratara, Efecto Mariposa es el pretexto\u00a0 con el que Iraida Noriega comparte con los radioescuchas la m\u00fasica y los interpretes que m\u00e1s le gustan y apasionan.[\/vc_column_text][\/vc_column][vc_column width=&#8221;1\/3&#8243;]<style type=\"text\/css\" data-type=\"the7_shortcodes-inline-css\">.dt-shortcode-soc-icons.soc-icons-b7f2c851c9e86c92f9b6ecba02a74e62 a {\n  margin-right: 4px;\n}\n.dt-shortcode-soc-icons a.soc-icons-b7f2c851c9e86c92f9b6ecba02a74e62 {\n  margin-right: 4px;\n}\n.dt-shortcode-soc-icons a.soc-icons-b7f2c851c9e86c92f9b6ecba02a74e62:last-child {\n  margin-right: 0;\n}\n.dt-shortcode-soc-icons a.soc-icons-b7f2c851c9e86c92f9b6ecba02a74e62:before,\n.dt-shortcode-soc-icons a.soc-icons-b7f2c851c9e86c92f9b6ecba02a74e62:after {\n  padding: inherit;\n}\n.dt-shortcode-soc-icons a.soc-icons-b7f2c851c9e86c92f9b6ecba02a74e62.dt-icon-border-on:before {\n  border:  solid ;\n}\n.dt-shortcode-soc-icons a.soc-icons-b7f2c851c9e86c92f9b6ecba02a74e62.dt-icon-hover-border-on:after {\n  border:  solid ;\n}<\/style><div class=\"dt-shortcode-soc-icons  soc-icons-b7f2c851c9e86c92f9b6ecba02a74e62 soc-icons-left  vc_custom_1531762275026\" ><style type=\"text\/css\" data-type=\"the7_shortcodes-inline-css\">.dt-shortcode-soc-icons a.single-soc-icon-596851e47c546e9df141bf468869f4b9 {\n  min-width: 26px;\n  min-height: 26px;\n  font-size: 16px;\n  border-radius: 100px;\n}\n.dt-shortcode-soc-icons a.single-soc-icon-596851e47c546e9df141bf468869f4b9:last-child {\n  margin-right: 0;\n}\n.dt-shortcode-soc-icons a.single-soc-icon-596851e47c546e9df141bf468869f4b9:before,\n.dt-shortcode-soc-icons a.single-soc-icon-596851e47c546e9df141bf468869f4b9:after {\n  min-width: 26px;\n  min-height: 26px;\n  padding: inherit;\n}\n.dt-shortcode-soc-icons a.single-soc-icon-596851e47c546e9df141bf468869f4b9.dt-icon-border-on:before {\n  border: 0px solid ;\n}\n.dt-shortcode-soc-icons a.single-soc-icon-596851e47c546e9df141bf468869f4b9.dt-icon-hover-border-on:after {\n  border: 0px solid ;\n}\n.dt-shortcode-soc-icons a.single-soc-icon-596851e47c546e9df141bf468869f4b9:hover {\n  font-size: 16px;\n}\n#page .dt-shortcode-soc-icons a.single-soc-icon-596851e47c546e9df141bf468869f4b9:hover .soc-font-icon,\n#phantom .dt-shortcode-soc-icons a.single-soc-icon-596851e47c546e9df141bf468869f4b9:hover .soc-font-icon,\n#page .dt-shortcode-soc-icons a.single-soc-icon-596851e47c546e9df141bf468869f4b9:hover .soc-icon,\n#phantom .dt-shortcode-soc-icons a.single-soc-icon-596851e47c546e9df141bf468869f4b9:hover .soc-icon {\n  color: rgba(255,255,255,0.75);\n  background: none;\n}\n#page .dt-shortcode-soc-icons a.single-soc-icon-596851e47c546e9df141bf468869f4b9:not(:hover) .soc-font-icon,\n#phantom .dt-shortcode-soc-icons a.single-soc-icon-596851e47c546e9df141bf468869f4b9:not(:hover) .soc-font-icon,\n#page .dt-shortcode-soc-icons a.single-soc-icon-596851e47c546e9df141bf468869f4b9:not(:hover) .soc-icon,\n#phantom .dt-shortcode-soc-icons a.single-soc-icon-596851e47c546e9df141bf468869f4b9:not(:hover) .soc-icon {\n  color: #ffffff;\n  background: none;\n}\n.dt-shortcode-soc-icons a.single-soc-icon-596851e47c546e9df141bf468869f4b9 .soc-font-icon,\n.dt-shortcode-soc-icons a.single-soc-icon-596851e47c546e9df141bf468869f4b9 .soc-icon {\n  font-size: 16px;\n}<\/style><a title=\"Facebook\" href=\"https:\/\/www.facebook.com\/HorizonteJazz\/\" class=\"facebook single-soc-icon-596851e47c546e9df141bf468869f4b9 dt-icon-bg-on dt-icon-border-on dt-icon-hover-border-on dt-icon-hover-bg-on\"><i class=\"soc-icon soc-font-icon dt-icon-facebook\"><\/i><span class=\"screen-reader-text\">Facebook<\/span><\/a><style type=\"text\/css\" data-type=\"the7_shortcodes-inline-css\">.dt-shortcode-soc-icons a.single-soc-icon-3008e015d68cb07494fb7d50c3a21e1f {\n  min-width: 26px;\n  min-height: 26px;\n  font-size: 16px;\n  border-radius: 100px;\n}\n.dt-shortcode-soc-icons a.single-soc-icon-3008e015d68cb07494fb7d50c3a21e1f:last-child {\n  margin-right: 0;\n}\n.dt-shortcode-soc-icons a.single-soc-icon-3008e015d68cb07494fb7d50c3a21e1f:before,\n.dt-shortcode-soc-icons a.single-soc-icon-3008e015d68cb07494fb7d50c3a21e1f:after {\n  min-width: 26px;\n  min-height: 26px;\n  padding: inherit;\n}\n.dt-shortcode-soc-icons a.single-soc-icon-3008e015d68cb07494fb7d50c3a21e1f.dt-icon-border-on:before {\n  border: 0px solid ;\n}\n.dt-shortcode-soc-icons a.single-soc-icon-3008e015d68cb07494fb7d50c3a21e1f.dt-icon-hover-border-on:after {\n  border: 0px solid ;\n}\n.dt-shortcode-soc-icons a.single-soc-icon-3008e015d68cb07494fb7d50c3a21e1f:hover {\n  font-size: 16px;\n}\n#page .dt-shortcode-soc-icons a.single-soc-icon-3008e015d68cb07494fb7d50c3a21e1f:hover .soc-font-icon,\n#phantom .dt-shortcode-soc-icons a.single-soc-icon-3008e015d68cb07494fb7d50c3a21e1f:hover .soc-font-icon,\n#page .dt-shortcode-soc-icons a.single-soc-icon-3008e015d68cb07494fb7d50c3a21e1f:hover .soc-icon,\n#phantom .dt-shortcode-soc-icons a.single-soc-icon-3008e015d68cb07494fb7d50c3a21e1f:hover .soc-icon {\n  color: rgba(255,255,255,0.75);\n  background: none;\n}\n#page .dt-shortcode-soc-icons a.single-soc-icon-3008e015d68cb07494fb7d50c3a21e1f:not(:hover) .soc-font-icon,\n#phantom .dt-shortcode-soc-icons a.single-soc-icon-3008e015d68cb07494fb7d50c3a21e1f:not(:hover) .soc-font-icon,\n#page .dt-shortcode-soc-icons a.single-soc-icon-3008e015d68cb07494fb7d50c3a21e1f:not(:hover) .soc-icon,\n#phantom .dt-shortcode-soc-icons a.single-soc-icon-3008e015d68cb07494fb7d50c3a21e1f:not(:hover) .soc-icon {\n  color: #ffffff;\n  background: none;\n}\n.dt-shortcode-soc-icons a.single-soc-icon-3008e015d68cb07494fb7d50c3a21e1f .soc-font-icon,\n.dt-shortcode-soc-icons a.single-soc-icon-3008e015d68cb07494fb7d50c3a21e1f .soc-icon {\n  font-size: 16px;\n}<\/style><a title=\"X\" href=\"https:\/\/twitter.com\/horizontejazz\/\" class=\"twitter single-soc-icon-3008e015d68cb07494fb7d50c3a21e1f dt-icon-bg-on dt-icon-border-on dt-icon-hover-border-on dt-icon-hover-bg-on\"><i class=\"soc-icon soc-font-icon dt-icon-twitter\"><\/i><span class=\"screen-reader-text\">X<\/span><\/a><\/div>[vc_column_text css=&#8221;.vc_custom_1562254987262{margin-bottom: 12px !important;}&#8221;]<b>Efecto mariposa<\/b><br \/>\nLunes, 21:30 a 22:00 horas.[\/vc_column_text][\/vc_column][\/vc_row][vc_row][vc_column]<div id=\"ultimate-heading-187569fc47482007d\" class=\"uvc-heading ult-adjust-bottom-margin ultimate-heading-187569fc47482007d uvc-953  uvc-heading-default-font-sizes\" data-hspacer=\"line_only\"  data-halign=\"left\" style=\"text-align:left\"><div class=\"uvc-main-heading ult-responsive\"  data-ultimate-target='.uvc-heading.ultimate-heading-187569fc47482007d h3'  data-responsive-json-new='{\"font-size\":\"\",\"line-height\":\"\"}' ><h3 style=\"--font-weight:theme;margin-bottom:8px;\">Iraida Noriega<\/h3><\/div><div class=\"uvc-heading-spacer line_only\" style=\"margin-bottom:24px;height:1px;\"><span class=\"uvc-headings-line\" style=\"border-style:solid;border-bottom-width:1px;border-color:#00bcd4;width:autopx;\"><\/span><\/div><\/div>[\/vc_column][vc_column width=&#8221;1\/3&#8243;][vc_single_image image=&#8221;8036&#8243; img_size=&#8221;full&#8221; css=&#8221;.vc_custom_1531768527554{margin-bottom: 12px !important;}&#8221;][\/vc_column][vc_column width=&#8221;2\/3&#8243;][vc_column_text css=&#8221;.vc_custom_1526593865551{margin-bottom: 12px !important;}&#8221;]<\/p>\n<p lang=\"es-ES\">Soy m\u00fasico y cantante&#8230;. y desde hace cinco a\u00f1os tengo el gusto de ser locutora en Horizonte 107.9 fm en el programa Efecto Mariposa. Para m\u00ed es una experiencia maravillosa en donde he podido recrear algo con lo que crec\u00ed, y que es la experiencia de sentarse a escuchar m\u00fasica juntos, degustarla y comentarla. Me da gusto que pr\u00e1cticamente cada semana hay invitados porque los mismos m\u00fasicos y amigos se invitan; hay ganas de compartir cosas con la audiencia, y quiz\u00e1s ese es el verdadero Efecto Mariposa.<\/p>\n<p>[\/vc_column_text][\/vc_column][\/vc_row]<\/p>\n<\/div>","protected":false},"excerpt":{"rendered":"<p>[vc_row][vc_column][\/vc_column][vc_column width=&#8221;2\/3&#8243;][vc_column_text]Como si de una reuni\u00f3n entre amigos se tratara, Efecto Mariposa es el pretexto\u00a0 con el que Iraida Noriega comparte con los radioescuchas la m\u00fasica y los interpretes que m\u00e1s le gustan y apasionan.[\/vc_column_text][\/vc_column][vc_column width=&#8221;1\/3&#8243;][vc_column_text css=&#8221;.vc_custom_1562254987262{margin-bottom: 12px !important;}&#8221;]Efecto mariposa Lunes, 21:30 a 22:00 horas.[\/vc_column_text][\/vc_column][\/vc_row][vc_row][vc_column][\/vc_column][vc_column width=&#8221;1\/3&#8243;][vc_single_image image=&#8221;8036&#8243; img_size=&#8221;full&#8221; css=&#8221;.vc_custom_1531768527554{margin-bottom: 12px !important;}&#8221;][\/vc_column][vc_column width=&#8221;2\/3&#8243;][vc_column_text css=&#8221;.vc_custom_1526593865551{margin-bottom: 12px !important;}&#8221;]&hellip;<\/p>\n","protected":false},"author":1,"featured_media":0,"parent":11194,"menu_order":0,"comment_status":"closed","ping_status":"closed","template":"","meta":{"wp_popup_display_lightbox":0,"wp_popup_suppress":"","wp_popup_trigger":"","wp_popup_trigger_amount":0,"wp_popup_disable_on_mobile":false,"footnotes":""},"class_list":["post-5207","page","type-page","status-publish","hentry","description-off"],"_links":{"self":[{"href":"https:\/\/www.imer.mx\/horizonte\/wp-json\/wp\/v2\/pages\/5207","targetHints":{"allow":["GET"]}}],"collection":[{"href":"https:\/\/www.imer.mx\/horizonte\/wp-json\/wp\/v2\/pages"}],"about":[{"href":"https:\/\/www.imer.mx\/horizonte\/wp-json\/wp\/v2\/types\/page"}],"author":[{"embeddable":true,"href":"https:\/\/www.imer.mx\/horizonte\/wp-json\/wp\/v2\/users\/1"}],"replies":[{"embeddable":true,"href":"https:\/\/www.imer.mx\/horizonte\/wp-json\/wp\/v2\/comments?post=5207"}],"version-history":[{"count":0,"href":"https:\/\/www.imer.mx\/horizonte\/wp-json\/wp\/v2\/pages\/5207\/revisions"}],"up":[{"embeddable":true,"href":"https:\/\/www.imer.mx\/horizonte\/wp-json\/wp\/v2\/pages\/11194"}],"wp:attachment":[{"href":"https:\/\/www.imer.mx\/horizonte\/wp-json\/wp\/v2\/media?parent=5207"}],"curies":[{"name":"wp","href":"https:\/\/api.w.org\/{rel}","templated":true}]}}