{"id":4912,"date":"2013-02-18T11:33:58","date_gmt":"2013-02-18T17:33:58","guid":{"rendered":"http:\/\/horizonte.imer.gob.mx\/?page_id=4912"},"modified":"2018-07-16T14:24:19","modified_gmt":"2018-07-16T19:24:19","slug":"ejazz","status":"publish","type":"page","link":"https:\/\/www.imer.mx\/horizonte\/series\/ejazz\/","title":{"rendered":"Ejazz"},"content":{"rendered":"<div class=\"wpb-content-wrapper\"><p>[vc_row][vc_column]<div id=\"ultimate-heading-49076a05e4ffe7fc2\" class=\"uvc-heading ult-adjust-bottom-margin ultimate-heading-49076a05e4ffe7fc2 uvc-299  uvc-heading-default-font-sizes\" data-hspacer=\"line_only\"  data-halign=\"left\" style=\"text-align:left\"><div class=\"uvc-main-heading ult-responsive\"  data-ultimate-target='.uvc-heading.ultimate-heading-49076a05e4ffe7fc2 h3'  data-responsive-json-new='{\"font-size\":\"\",\"line-height\":\"\"}' ><h3 style=\"--font-weight:theme;margin-bottom:8px;\">Ejazz<\/h3><\/div><div class=\"uvc-heading-spacer line_only\" style=\"margin-bottom:24px;height:1px;\"><span class=\"uvc-headings-line\" style=\"border-style:solid;border-bottom-width:1px;border-color:#00bcd4;width:autopx;\"><\/span><\/div><\/div>[\/vc_column][vc_column width=&#8221;2\/3&#8243;][vc_column_text]Un lugar en donde el sonido, los instrumentos, las composiciones, el canto y las historias se unen para ser contadas a trav\u00e9s de su m\u00fasica. Ejazz, el lado femenino del jazz, con Ingrid y Jennifer Beaujean.[\/vc_column_text][\/vc_column][vc_column width=&#8221;1\/3&#8243;]<style type=\"text\/css\" data-type=\"the7_shortcodes-inline-css\">.dt-shortcode-soc-icons.soc-icons-eebf11d7047cd31a76b4cea89f7f66eb a {\n  margin-right: 4px;\n}\n.dt-shortcode-soc-icons a.soc-icons-eebf11d7047cd31a76b4cea89f7f66eb {\n  margin-right: 4px;\n}\n.dt-shortcode-soc-icons a.soc-icons-eebf11d7047cd31a76b4cea89f7f66eb:last-child {\n  margin-right: 0;\n}\n.dt-shortcode-soc-icons a.soc-icons-eebf11d7047cd31a76b4cea89f7f66eb:before,\n.dt-shortcode-soc-icons a.soc-icons-eebf11d7047cd31a76b4cea89f7f66eb:after {\n  padding: inherit;\n}\n.dt-shortcode-soc-icons a.soc-icons-eebf11d7047cd31a76b4cea89f7f66eb.dt-icon-border-on:before {\n  border:  solid ;\n}\n.dt-shortcode-soc-icons a.soc-icons-eebf11d7047cd31a76b4cea89f7f66eb.dt-icon-hover-border-on:after {\n  border:  solid ;\n}<\/style><div class=\"dt-shortcode-soc-icons  soc-icons-eebf11d7047cd31a76b4cea89f7f66eb soc-icons-left  vc_custom_1531769077589\" ><style type=\"text\/css\" data-type=\"the7_shortcodes-inline-css\">.dt-shortcode-soc-icons a.single-soc-icon-596851e47c546e9df141bf468869f4b9 {\n  min-width: 26px;\n  min-height: 26px;\n  font-size: 16px;\n  border-radius: 100px;\n}\n.dt-shortcode-soc-icons a.single-soc-icon-596851e47c546e9df141bf468869f4b9:last-child {\n  margin-right: 0;\n}\n.dt-shortcode-soc-icons a.single-soc-icon-596851e47c546e9df141bf468869f4b9:before,\n.dt-shortcode-soc-icons a.single-soc-icon-596851e47c546e9df141bf468869f4b9:after {\n  min-width: 26px;\n  min-height: 26px;\n  padding: inherit;\n}\n.dt-shortcode-soc-icons a.single-soc-icon-596851e47c546e9df141bf468869f4b9.dt-icon-border-on:before {\n  border: 0px solid ;\n}\n.dt-shortcode-soc-icons a.single-soc-icon-596851e47c546e9df141bf468869f4b9.dt-icon-hover-border-on:after {\n  border: 0px solid ;\n}\n.dt-shortcode-soc-icons a.single-soc-icon-596851e47c546e9df141bf468869f4b9:hover {\n  font-size: 16px;\n}\n#page .dt-shortcode-soc-icons a.single-soc-icon-596851e47c546e9df141bf468869f4b9:hover .soc-font-icon,\n#phantom .dt-shortcode-soc-icons a.single-soc-icon-596851e47c546e9df141bf468869f4b9:hover .soc-font-icon,\n#page .dt-shortcode-soc-icons a.single-soc-icon-596851e47c546e9df141bf468869f4b9:hover .soc-icon,\n#phantom .dt-shortcode-soc-icons a.single-soc-icon-596851e47c546e9df141bf468869f4b9:hover .soc-icon {\n  color: rgba(255,255,255,0.75);\n  background: none;\n}\n#page .dt-shortcode-soc-icons a.single-soc-icon-596851e47c546e9df141bf468869f4b9:not(:hover) .soc-font-icon,\n#phantom .dt-shortcode-soc-icons a.single-soc-icon-596851e47c546e9df141bf468869f4b9:not(:hover) .soc-font-icon,\n#page .dt-shortcode-soc-icons a.single-soc-icon-596851e47c546e9df141bf468869f4b9:not(:hover) .soc-icon,\n#phantom .dt-shortcode-soc-icons a.single-soc-icon-596851e47c546e9df141bf468869f4b9:not(:hover) .soc-icon {\n  color: #ffffff;\n  background: none;\n}\n.dt-shortcode-soc-icons a.single-soc-icon-596851e47c546e9df141bf468869f4b9 .soc-font-icon,\n.dt-shortcode-soc-icons a.single-soc-icon-596851e47c546e9df141bf468869f4b9 .soc-icon {\n  font-size: 16px;\n}<\/style><a title=\"Facebook\" href=\"https:\/\/www.facebook.com\/HorizonteJazz\/\" class=\"facebook single-soc-icon-596851e47c546e9df141bf468869f4b9 dt-icon-bg-on dt-icon-border-on dt-icon-hover-border-on dt-icon-hover-bg-on\"><i class=\"soc-icon soc-font-icon dt-icon-facebook\"><\/i><span class=\"screen-reader-text\">Facebook<\/span><\/a><style type=\"text\/css\" data-type=\"the7_shortcodes-inline-css\">.dt-shortcode-soc-icons a.single-soc-icon-3008e015d68cb07494fb7d50c3a21e1f {\n  min-width: 26px;\n  min-height: 26px;\n  font-size: 16px;\n  border-radius: 100px;\n}\n.dt-shortcode-soc-icons a.single-soc-icon-3008e015d68cb07494fb7d50c3a21e1f:last-child {\n  margin-right: 0;\n}\n.dt-shortcode-soc-icons a.single-soc-icon-3008e015d68cb07494fb7d50c3a21e1f:before,\n.dt-shortcode-soc-icons a.single-soc-icon-3008e015d68cb07494fb7d50c3a21e1f:after {\n  min-width: 26px;\n  min-height: 26px;\n  padding: inherit;\n}\n.dt-shortcode-soc-icons a.single-soc-icon-3008e015d68cb07494fb7d50c3a21e1f.dt-icon-border-on:before {\n  border: 0px solid ;\n}\n.dt-shortcode-soc-icons a.single-soc-icon-3008e015d68cb07494fb7d50c3a21e1f.dt-icon-hover-border-on:after {\n  border: 0px solid ;\n}\n.dt-shortcode-soc-icons a.single-soc-icon-3008e015d68cb07494fb7d50c3a21e1f:hover {\n  font-size: 16px;\n}\n#page .dt-shortcode-soc-icons a.single-soc-icon-3008e015d68cb07494fb7d50c3a21e1f:hover .soc-font-icon,\n#phantom .dt-shortcode-soc-icons a.single-soc-icon-3008e015d68cb07494fb7d50c3a21e1f:hover .soc-font-icon,\n#page .dt-shortcode-soc-icons a.single-soc-icon-3008e015d68cb07494fb7d50c3a21e1f:hover .soc-icon,\n#phantom .dt-shortcode-soc-icons a.single-soc-icon-3008e015d68cb07494fb7d50c3a21e1f:hover .soc-icon {\n  color: rgba(255,255,255,0.75);\n  background: none;\n}\n#page .dt-shortcode-soc-icons a.single-soc-icon-3008e015d68cb07494fb7d50c3a21e1f:not(:hover) .soc-font-icon,\n#phantom .dt-shortcode-soc-icons a.single-soc-icon-3008e015d68cb07494fb7d50c3a21e1f:not(:hover) .soc-font-icon,\n#page .dt-shortcode-soc-icons a.single-soc-icon-3008e015d68cb07494fb7d50c3a21e1f:not(:hover) .soc-icon,\n#phantom .dt-shortcode-soc-icons a.single-soc-icon-3008e015d68cb07494fb7d50c3a21e1f:not(:hover) .soc-icon {\n  color: #ffffff;\n  background: none;\n}\n.dt-shortcode-soc-icons a.single-soc-icon-3008e015d68cb07494fb7d50c3a21e1f .soc-font-icon,\n.dt-shortcode-soc-icons a.single-soc-icon-3008e015d68cb07494fb7d50c3a21e1f .soc-icon {\n  font-size: 16px;\n}<\/style><a title=\"X\" href=\"https:\/\/twitter.com\/horizontejazz\/\" class=\"twitter single-soc-icon-3008e015d68cb07494fb7d50c3a21e1f dt-icon-bg-on dt-icon-border-on dt-icon-hover-border-on dt-icon-hover-bg-on\"><i class=\"soc-icon soc-font-icon dt-icon-twitter\"><\/i><span class=\"screen-reader-text\">X<\/span><\/a><\/div>[vc_column_text css=&#8221;.vc_custom_1526673390012{margin-bottom: 12px !important;}&#8221;]<strong>Ejazz\u00a0<\/strong><br \/>\nMi\u00e9rcoles, 20:00 a 21:30 horas.[\/vc_column_text][\/vc_column][\/vc_row][vc_row][vc_column]<div id=\"ultimate-heading-63366a05e4ffe81fe\" class=\"uvc-heading ult-adjust-bottom-margin ultimate-heading-63366a05e4ffe81fe uvc-9312  uvc-heading-default-font-sizes\" data-hspacer=\"line_only\"  data-halign=\"left\" style=\"text-align:left\"><div class=\"uvc-main-heading ult-responsive\"  data-ultimate-target='.uvc-heading.ultimate-heading-63366a05e4ffe81fe h3'  data-responsive-json-new='{\"font-size\":\"\",\"line-height\":\"\"}' ><h3 style=\"--font-weight:theme;margin-bottom:8px;\">Ingrid y Jennifer Beaujean<\/h3><\/div><div class=\"uvc-heading-spacer line_only\" style=\"margin-bottom:24px;height:1px;\"><span class=\"uvc-headings-line\" style=\"border-style:solid;border-bottom-width:1px;border-color:#00bcd4;width:autopx;\"><\/span><\/div><\/div>[\/vc_column][vc_column width=&#8221;1\/4&#8243;][vc_single_image image=&#8221;5055&#8243; img_size=&#8221;full&#8221; css=&#8221;.vc_custom_1531769036524{margin-bottom: 12px !important;}&#8221;][\/vc_column][vc_column width=&#8221;3\/4&#8243;][vc_column_text css=&#8221;.vc_custom_1526592853748{margin-bottom: 12px !important;}&#8221;]Ingrid y Jennifer han ganado fama gracias a sus impresionantes y mel\u00f3dicas voces en bandas como Beaujean Project, Densidad 6, Big Band Jazz de M\u00e9xico y siendo las coristas de Magos Herrera.<\/p>\n<p>Con su primera producci\u00f3n discogr\u00e1fica Amartya han encontrado un camino m\u00e1s concreto en la m\u00fasica de Jazz present\u00e1ndose en foros diversos como La Plaza de las Artes y el Auditorio Blas Galindo del CNA, Festival de Jazz de la Riviera Maya, Festival de Jazz de Irapuato, el Coyote Jazz Fest, Jazz en la Ciudad, el Lunario del Auditorio, el Primavera Jazz de la Fundaci\u00f3n Sebastian y en campa\u00f1as para apoyar a los ni\u00f1os junto con Save The Children, as\u00ed como en los clubes de Jazz m\u00e1s importantes de la Rep\u00fablica Mexicana.<\/p>\n<p>Actualmente se encuentran desarrollando sus proyectos solistas, son parte del personal docente de la Universidad Veracruzana y la Escuela Superior de M\u00fasica impartiendo la materia de Canto-Jazz, y tambi\u00e9n se integraron al equipo de locutores de Horizonte 107.9 FM \u00a0conduciendo el programa Ejazz donde su objetivo es dar a conocer a todas las exponentes mujeres de Jazz y la m\u00fasica m\u00e1s propositiva.[\/vc_column_text][\/vc_column][\/vc_row]<\/p>\n<\/div>","protected":false},"excerpt":{"rendered":"<p>[vc_row][vc_column][\/vc_column][vc_column width=&#8221;2\/3&#8243;][vc_column_text]Un lugar en donde el sonido, los instrumentos, las composiciones, el canto y las historias se unen para ser contadas a trav\u00e9s de su m\u00fasica. Ejazz, el lado femenino del jazz, con Ingrid y Jennifer Beaujean.[\/vc_column_text][\/vc_column][vc_column width=&#8221;1\/3&#8243;][vc_column_text css=&#8221;.vc_custom_1526673390012{margin-bottom: 12px !important;}&#8221;]Ejazz\u00a0 Mi\u00e9rcoles, 20:00 a 21:30 horas.[\/vc_column_text][\/vc_column][\/vc_row][vc_row][vc_column][\/vc_column][vc_column width=&#8221;1\/4&#8243;][vc_single_image image=&#8221;5055&#8243; img_size=&#8221;full&#8221; css=&#8221;.vc_custom_1531769036524{margin-bottom: 12px !important;}&#8221;][\/vc_column][vc_column width=&#8221;3\/4&#8243;][vc_column_text css=&#8221;.vc_custom_1526592853748{margin-bottom: 12px&hellip;<\/p>\n","protected":false},"author":1,"featured_media":0,"parent":11194,"menu_order":0,"comment_status":"closed","ping_status":"open","template":"","meta":{"wp_popup_display_lightbox":0,"wp_popup_suppress":"","wp_popup_trigger":"","wp_popup_trigger_amount":0,"wp_popup_disable_on_mobile":false,"footnotes":""},"class_list":["post-4912","page","type-page","status-publish","hentry","description-off"],"_links":{"self":[{"href":"https:\/\/www.imer.mx\/horizonte\/wp-json\/wp\/v2\/pages\/4912","targetHints":{"allow":["GET"]}}],"collection":[{"href":"https:\/\/www.imer.mx\/horizonte\/wp-json\/wp\/v2\/pages"}],"about":[{"href":"https:\/\/www.imer.mx\/horizonte\/wp-json\/wp\/v2\/types\/page"}],"author":[{"embeddable":true,"href":"https:\/\/www.imer.mx\/horizonte\/wp-json\/wp\/v2\/users\/1"}],"replies":[{"embeddable":true,"href":"https:\/\/www.imer.mx\/horizonte\/wp-json\/wp\/v2\/comments?post=4912"}],"version-history":[{"count":0,"href":"https:\/\/www.imer.mx\/horizonte\/wp-json\/wp\/v2\/pages\/4912\/revisions"}],"up":[{"embeddable":true,"href":"https:\/\/www.imer.mx\/horizonte\/wp-json\/wp\/v2\/pages\/11194"}],"wp:attachment":[{"href":"https:\/\/www.imer.mx\/horizonte\/wp-json\/wp\/v2\/media?parent=4912"}],"curies":[{"name":"wp","href":"https:\/\/api.w.org\/{rel}","templated":true}]}}