{"id":534,"date":"2012-10-09T18:46:31","date_gmt":"2012-10-09T23:46:31","guid":{"rendered":"http:\/\/fusion.imer.gob.mx\/wordpress\/?page_id=534"},"modified":"2023-02-24T11:17:57","modified_gmt":"2023-02-24T19:17:57","slug":"cronologia","status":"publish","type":"page","link":"https:\/\/www.imer.mx\/fusion\/acerca-de-fusion\/cronologia\/","title":{"rendered":"Cronolog\u00eda"},"content":{"rendered":"<p><a name=\"cronologia\"><\/a><br \/>\nConoce las fechas m\u00e1s importantes en la historia de Fusi\u00f3n<\/p>\n<table width=\"100%\">\n<tbody>\n<tr>\n<td><strong>1986<\/strong><\/td>\n<\/tr>\n<tr>\n<td>\n<ul>\n<li><span style=\"font-weight: 400\">La XHUAN, Est\u00e9reo Frontera, comenz\u00f3 sus transmisiones de prueba en la ciudad de Tijuana con 102.5 mhz. en frecuencia modulada, 50 mil watts de potencia y permisionada al Instituto Mexicano de la Radio.<\/span><\/li>\n<li><span style=\"font-weight: 400\">Durante el periodo inicial de pruebas se transmitieron los partidos de f\u00fatbol del Campeonato Mundial \u201cM\u00e9xico 86\u201d combinados con selecciones musicales entre uno y otro encuentro. Su apertura formal, ya con una programaci\u00f3n estable, horarios precisos y locutores de turno es el 1 de agosto y su primer lema: La voz del Noroeste.<\/span><\/li>\n<li><span style=\"font-weight: 400\">La programaci\u00f3n inicial de la emisora se realiz\u00f3 con m\u00fasica de diversos g\u00e9neros ranchera, norte\u00f1a, cl\u00e1sica, instrumental, canto nuevo, rock en espa\u00f1ol, m\u00fasica infantil, jazz, tango y blues.<\/span><\/li>\n<\/ul>\n<\/td>\n<\/tr>\n<tr>\n<td><strong>1987<\/strong><\/td>\n<\/tr>\n<tr>\n<td>\n<ul>\n<li><span style=\"font-weight: 400\">La XHUAN se inaugur\u00f3 formalmente el 27 de enero con la presencia del presidente de la Rep\u00fablica, Miguel de la Madrid. La emisora crea su propio noticiario: Enlace FM.<\/span><\/li>\n<\/ul>\n<\/td>\n<\/tr>\n<tr>\n<td><strong>1989<\/strong><\/td>\n<\/tr>\n<tr>\n<td>\n<ul>\n<li><span style=\"font-weight: 400\">XHUAN establece un convenio con el Colegio de la Frontera Norte cuyo primer resultado es tener el programa Todos en la l\u00ednea. Por su diversidad musical y por su producci\u00f3n en aumento por los programas de dicha instituci\u00f3n, la XHUAN se anuncia como \u201cUna estaci\u00f3n para todos los gustos y para todas las edades\u201d.<\/span><\/li>\n<\/ul>\n<\/td>\n<\/tr>\n<tr>\n<td><strong>1990<\/strong><\/td>\n<\/tr>\n<tr>\n<td>\n<ul>\n<li><span style=\"font-weight: 400\">Ante la necesidad de generar recursos propios y lograr autosuficiencia econ\u00f3mica, la XHUAN se transforma en La Mexicana, emisora comercial de m\u00fasica ranchera. Adopta un formato basado en 14 horas continuas de m\u00fasica ranchera mexicana \u2013s\u00f3lo interrumpidas por la emisi\u00f3n del noticiario Enlace FM\u2013 y 6 de m\u00fasica combinada con programas de contenido, algunos sobrevivientes de la antigua estaci\u00f3n y otros, de creaci\u00f3n nueva.<\/span><\/li>\n<\/ul>\n<\/td>\n<\/tr>\n<tr>\n<td><strong>1992<\/strong><\/td>\n<\/tr>\n<tr>\n<td>\n<ul>\n<li><span style=\"font-weight: 400\">La XHUAN inicia una nueva etapa con Est\u00e9reo Frontera; deja de ser La Mexicana y regresa al formato original \u201crecuperando los objetivos de la radiodifusi\u00f3n del Estado\u201d. Se arma una nueva barra program\u00e1tica con programas de la antigua emisora y con nuevas producciones.<\/span><\/li>\n<\/ul>\n<\/td>\n<\/tr>\n<tr>\n<td><strong>1993<\/strong><\/td>\n<\/tr>\n<tr>\n<td>\n<ul>\n<li><span style=\"font-weight: 400\">Se a\u00f1aden otras producciones tratando de lograr un tono m\u00e1s juvenil como: \u201cMano a Mano Musical\u201d, con llamadas del p\u00fablico votando por dos int\u00e9rpretes confrontados durante el programa; \u201cAhora Hablo Yo\u201d, programa de debate entre j\u00f3venes; \u201c\u00bfQu\u00e9 Pas\u00f3?\u201d, lo m\u00e1s reciente del hit parade mundial; \u201cNo Arte\u201d, m\u00fasica electr\u00f3nica; y \u201cRitmos de Ciudad\u201d: diferentes expresiones del rock mundial.<\/span><\/li>\n<\/ul>\n<\/td>\n<\/tr>\n<tr>\n<td><strong>1994<\/strong><\/td>\n<\/tr>\n<tr>\n<td>\n<ul>\n<li><span style=\"font-weight: 400\">La estaci\u00f3n transmite las 24 horas con una potencia autorizada de 50 mil watts y una real de 45 mil cubriendo un \u00e1rea de 981 kil\u00f3metros cuadrados que incluye la zona de la ciudad de San Diego, en los Estados Unidos. Un 71.4 por ciento del tiempo al aire est\u00e1 dedicado a la m\u00fasica de g\u00e9neros variados, entre ellos balada moderna, rock en espa\u00f1ol, bandas y grupos norte\u00f1os; mientras que el 23.8 por ciento restante, se dedica a programas informativos, culturales, de opini\u00f3n y de servicio.<\/span><\/li>\n<\/ul>\n<\/td>\n<\/tr>\n<tr>\n<td><strong>1995 a 2001<\/strong><\/td>\n<\/tr>\n<tr>\n<td>\n<ul>\n<li><span style=\"font-weight: 400\">Desaparece el noticiero local, dejando todo el espacio noticioso a Antena Radio. La estaci\u00f3n se transforma de nuevo para tratar de entrar en competencia con otras muy exitosas y atraer recursos. Modifica su barra musical para transmitir exclusivamente m\u00fasica de banda y grupera. Los programas de fondo se cambian por nuevas producciones dirigidas a hacer apolog\u00edas de grupos y cantantes, a las complacencias, saludos y promoci\u00f3n de bailes y conciertos de las bandas de moda. Se transmite el nuevo g\u00e9nero las 24 horas, solamente interrumpido por el noticiero Antena Radio. Su nuevo lema es: \u201cLa Frontera de tu Coraz\u00f3n\u201d.<\/span><\/li>\n<\/ul>\n<\/td>\n<\/tr>\n<tr>\n<td><strong>2002<\/strong><\/td>\n<\/tr>\n<tr>\n<td>\n<ul>\n<li><span style=\"font-weight: 400\">La estaci\u00f3n retoma su funci\u00f3n de radio p\u00fablica y mediante una amplia convocatoria, abre su espacio a personas y organismos p\u00fablicos y privados para la producci\u00f3n de programas radiof\u00f3nicos de contenido. La emisora recibe m\u00e1s de 60 proyectos, de los cuales 20 se lanzan al aire.<\/span><\/li>\n<li><span style=\"font-weight: 400\">La programaci\u00f3n musical se concibe como multiperfil e integra la discograf\u00eda de los propios radioescuchas que aportan sus discos, cintas y compactos, para difundir 9 g\u00e9neros, entre los que destacan la m\u00fasica popular y la tradicional mexicana, la trova, el jazz, el rock, la bossa nova y la cl\u00e1sica. Su nuevo lema es: La Cultura est\u00e1 en el Aire.<\/span><\/li>\n<\/ul>\n<\/td>\n<\/tr>\n<tr>\n<td><strong>2003<\/strong><\/td>\n<\/tr>\n<tr>\n<td>\n<ul>\n<li><span style=\"font-weight: 400\">Se lleva a cabo un proyecto de radio experimental en el que participan j\u00f3venes estudiantes de la Preparatoria Federal de Tijuana y de un High School de Los \u00c1ngeles, California; 10 estudiantes reciben un curso de guionismo radiof\u00f3nico, aprenden a realizar entrevistas de campo y realizan trabajos de producci\u00f3n y post-producci\u00f3n. Como resultado del proyecto, se logran 10 c\u00e1psulas de 5 minutos sobre temas abiertos seleccionados por ellos mismos, denominadas Audio Postales y que se difunden simult\u00e1neamente, a trav\u00e9s de la emisora y en toda la Uni\u00f3n Americana, por medio del sistema de Radio P\u00fablica de ese pa\u00eds.<\/span><\/li>\n<li><span style=\"font-weight: 400\">Se establecen convenios de colaboraci\u00f3n con el Centro Cultural Tijuana (CONACULTA), el Instituto de Cultura de Baja California, con organizaciones culturales como la \u00d3pera de Tijuana, la Orquesta de Baja California, el Centro Hispanoamericano de Guitarra, La Alborada (teatro), Bulbo (colectivo cultural) y organizaciones de servicio social, entre las que destacan, el Hospital Infantil de las Californias, <\/span><span style=\"font-weight: 400\">Pasitos, diversos hospicios, BANATI y otros, para producciones conjuntas.<\/span><\/li>\n<\/ul>\n<\/td>\n<\/tr>\n<tr>\n<td><strong>2004<\/strong><\/td>\n<\/tr>\n<tr>\n<td>\n<ul>\n<li><span style=\"font-weight: 400\">Derivado del \u00e9xito de un programa llamado M\u00e9xico de Noche (danz\u00f3n) y en colaboraci\u00f3n con el Instituto de Cultura de Baja California, se inicia un taller para ense\u00f1ar a bailar el danz\u00f3n, y otro, para m\u00fasicos. El \u00faltimo da como resultado la creaci\u00f3n de la orquesta \u201cLa Bella \u00c9poca\u201d culminando con un gran baile, transmitido en la estaci\u00f3n. Se repite el proyecto de radio experimental con la segunda versi\u00f3n de Audio Postales y se inician co-producciones diversas, entre ellas destacan la realizaci\u00f3n de 12 cuentos adaptados por graduados del Primer Diplomado de Guionismo Radiof\u00f3nico, impartido por Radio Educaci\u00f3n, con la colaboraci\u00f3n del Centro Cultural Tijuana, la UABC y nuestra estaci\u00f3n.\u00a0<\/span><\/li>\n<li><span style=\"font-weight: 400\">Se abren dos espacios dedicados al teatro y a la danza: La Cuarta Pared y Cuerpos en Sinton\u00eda respectivamente. Se celebran los dieciocho a\u00f1os de la emisora con 4 eventos gratuitos: una tocada de rock; una obra de teatro; un concierto de m\u00fasica cl\u00e1sica y una presentaci\u00f3n de coreograf\u00edas de danzas \u00e1rabes y africanas.<\/span><\/li>\n<\/ul>\n<\/td>\n<\/tr>\n<tr>\n<td><strong>2005<\/strong><\/td>\n<\/tr>\n<tr>\n<td>\n<ul>\n<li>La emisora celebra el aniversario de la fundaci\u00f3n del Ayuntamiento de la ciudad de Tijuana, produciendo el Noticiero del Recuerdo. Un espacio en el que, durante 30 d\u00edas, se pretende estar en el a\u00f1o de 1950 a trav\u00e9s de la lectura de noticias y de la transmisi\u00f3n de los anuncios de las casas comerciales, cabarets y servicios de la \u00e9poca.<\/li>\n<li>Se realiza tambi\u00e9n, una recopilaci\u00f3n de canciones dedicadas a Tijuana o relacionadas con ella: 150 t\u00edtulos de diferentes g\u00e9neros con el fin de ser transmitidos por la emisora el d\u00eda del aniversario.<\/li>\n<\/ul>\n<\/td>\n<\/tr>\n<tr>\n<td><strong>2006<\/strong><\/td>\n<\/tr>\n<tr>\n<td>\n<ul>\n<li>Para el aniversario de la estaci\u00f3n, se efect\u00faa un concierto de rock, con bandas de San Diego y de Tijuana que tocan m\u00fasica Punk, Ska, Reggae, Blues, Rock y Jazz, y con amplia participaci\u00f3n del auditorio.<\/li>\n<li>Se realizan cambios en la programaci\u00f3n musical y en los programas de contenido. Se sustituye el nombre de la estaci\u00f3n y su lema, por Fusi\u00f3n \u201cEl horizonte musical de Tijuana\u201d, perfilando la estaci\u00f3n al g\u00e9nero del Jazz.<\/li>\n<\/ul>\n<\/td>\n<\/tr>\n<tr>\n<td><strong>2007<\/strong><\/td>\n<\/tr>\n<tr>\n<td>\n<ul>\n<li><span style=\"font-weight: 400\">Este a\u00f1o se convierte en uno de los m\u00e1s importantes para la consolidaci\u00f3n de la presencia del IMER en Tijuana y la regi\u00f3n, a trav\u00e9s de Fusi\u00f3n 102.5 FM, pues se realiza una importante actualizaci\u00f3n de equipos, dotando a la estaci\u00f3n de la tecnolog\u00eda que le permite mejorar sustancialmente sus emisiones y producciones.<\/span><\/li>\n<li><span style=\"font-weight: 400\">Tambi\u00e9n, la estaci\u00f3n realiza en ese mismo a\u00f1o la primera serie de emisiones del Festival de Jazz de Montreal, enlaz\u00e1ndose con su emisora hermana Horizonte, desde el coraz\u00f3n mismo de esa ciudad canadiense en la muestra del jazz mundial m\u00e1s importante de nuestro continente.<\/span><\/li>\n<\/ul>\n<\/td>\n<\/tr>\n<tr>\n<td><strong>2010<\/strong><\/td>\n<\/tr>\n<tr>\n<td>\n<ul>\n<li><span style=\"font-weight: 400\">L<\/span>a emisora inicia transmisiones en HD y por internet, por lo que, su alcance se extiende sustancialmente; su se\u00f1al an\u00e1loga abarca el municipio de Tijuana, parte de los municipios de Tecate y Playas de Rosarito, as\u00ed como el condado de San Diego, California.<\/li>\n<\/ul>\n<\/td>\n<\/tr>\n<tr>\n<td><strong>2011<\/strong><\/td>\n<\/tr>\n<tr>\n<td>\n<ul>\n<li><span style=\"font-weight: 400\">Se edita un \u00e1lbum especial para marcar los primeros 25 a\u00f1os de existencia de la emisora, con una selecci\u00f3n musical que refleja la diversidad de g\u00e9neros e int\u00e9rpretes que se ofrecen al p\u00fablico radioescucha.<\/span><\/li>\n<\/ul>\n<\/td>\n<\/tr>\n<tr>\n<td><strong>2012<\/strong><\/td>\n<\/tr>\n<tr>\n<td>\n<ul>\n<li><span style=\"font-weight: 400\">Con un festival de arte y cultura, se inaugura la Concha Ac\u00fastica, espacio que se proyect\u00f3 con la finalidad de realizar presentaciones art\u00edsticas con transmisi\u00f3n en vivo. Desde entonces se han realizado con regularidad eventos con artistas de la regi\u00f3n y la asistencia de p\u00fablico radioescucha.<\/span><\/li>\n<\/ul>\n<\/td>\n<\/tr>\n<tr>\n<td><strong>2013<\/strong><\/td>\n<\/tr>\n<tr>\n<td>\n<ul>\n<li><span style=\"font-weight: 400\">Se realizan diversos controles remotos utilizando el equipo que recientemente se hab\u00eda adquirido el IMER, por ello, el env\u00edo de la se\u00f1al y transmisi\u00f3n de la misma con calidad es similar a la del CD; esto ha permitido la realizaci\u00f3n de enlaces desde eventos culturales y musicales.<\/span><\/li>\n<\/ul>\n<\/td>\n<\/tr>\n<tr>\n<td><strong>2014<\/strong><\/td>\n<\/tr>\n<tr>\n<td>\n<ul>\n<li><span style=\"font-weight: 400\">La emisora contin\u00faa consolidando su presencia como promotora del arte y la cultura, con la realizaci\u00f3n de enlaces especiales desde la Feria del Libro de Tijuana; la serie de conciertos gratuitos; Los Cl\u00e1sicos de la Orquesta de Baja California, entre otros.<\/span><\/li>\n<\/ul>\n<\/td>\n<\/tr>\n<tr>\n<td><strong>2015<\/strong><\/td>\n<\/tr>\n<tr>\n<td>\n<ul>\n<li><span style=\"font-weight: 400\">Se realizan una serie de enlaces especiales desde el Festival Vive Latino, en colaboraci\u00f3n con nuestra emisora hermana Reactor. Asimismo, la emisora se integr\u00f3 en la organizaci\u00f3n y transmisi\u00f3n directa de los dos festivales de jazz m\u00e1s importantes de la regi\u00f3n: el Festival de Jazz Chinto Mendoza, en colaboraci\u00f3n con el ICBC, y el Tijuana Jazz &amp; Blues Festival, en colaboraci\u00f3n de Promotora de Cultura de Baja California AC. Cada uno de estos eventos cont\u00f3 con la participaci\u00f3n de artistas regionales e internacionales, y con la asistencia de m\u00e1s de mil personas.<\/span><\/li>\n<\/ul>\n<\/td>\n<\/tr>\n<tr>\n<td><strong>2022<\/strong><\/td>\n<\/tr>\n<tr>\n<td>\n<ul>\n<li><span style=\"font-weight: 400\">El 1 de agosto la emisora crea una transmisi\u00f3n especial por el 36 Aniversario con m\u00e1s de 15 programas propios al aire.<\/span><\/li>\n<\/ul>\n<\/td>\n<\/tr>\n<\/tbody>\n<\/table>\n","protected":false},"excerpt":{"rendered":"<p>Conoce las fechas m\u00e1s importantes en la historia de Fusi\u00f3n 1986 La XHUAN, Est\u00e9reo Frontera, comenz\u00f3 sus transmisiones de prueba en la ciudad de Tijuana con 102.5 mhz. en frecuencia modulada, 50 mil watts de potencia y permisionada al Instituto Mexicano de la Radio. Durante el periodo inicial de pruebas se transmitieron los partidos de&hellip;<\/p>\n","protected":false},"author":1,"featured_media":0,"parent":544,"menu_order":0,"comment_status":"open","ping_status":"closed","template":"","meta":{"wp_popup_display_lightbox":0,"wp_popup_suppress":"","wp_popup_trigger":"","wp_popup_trigger_amount":0,"wp_popup_disable_on_mobile":false,"footnotes":""},"class_list":["post-534","page","type-page","status-publish","hentry","description-off"],"_links":{"self":[{"href":"https:\/\/www.imer.mx\/fusion\/wp-json\/wp\/v2\/pages\/534","targetHints":{"allow":["GET"]}}],"collection":[{"href":"https:\/\/www.imer.mx\/fusion\/wp-json\/wp\/v2\/pages"}],"about":[{"href":"https:\/\/www.imer.mx\/fusion\/wp-json\/wp\/v2\/types\/page"}],"author":[{"embeddable":true,"href":"https:\/\/www.imer.mx\/fusion\/wp-json\/wp\/v2\/users\/1"}],"replies":[{"embeddable":true,"href":"https:\/\/www.imer.mx\/fusion\/wp-json\/wp\/v2\/comments?post=534"}],"version-history":[{"count":0,"href":"https:\/\/www.imer.mx\/fusion\/wp-json\/wp\/v2\/pages\/534\/revisions"}],"up":[{"embeddable":true,"href":"https:\/\/www.imer.mx\/fusion\/wp-json\/wp\/v2\/pages\/544"}],"wp:attachment":[{"href":"https:\/\/www.imer.mx\/fusion\/wp-json\/wp\/v2\/media?parent=534"}],"curies":[{"name":"wp","href":"https:\/\/api.w.org\/{rel}","templated":true}]}}